  {"id":31807,"date":"2018-06-14T23:12:41","date_gmt":"2018-06-14T23:12:41","guid":{"rendered":"https:\/\/arcticwolf.com\/cookie-policy\/"},"modified":"2024-07-15T13:04:44","modified_gmt":"2024-07-15T18:04:44","slug":"cookie-policy","status":"publish","type":"page","link":"https:\/\/arcticwolf.com\/fr\/cookie-policy\/","title":{"rendered":"Politique li\u00e9e aux cookies"},"content":{"rendered":"\t\t<div data-elementor-type=\"wp-page\" data-elementor-id=\"31807\" class=\"elementor elementor-31807 elementor-12528\" data-elementor-post-type=\"page\">\n\t\t\t\t\t\t<section data-particle_enable=\"false\" data-particle-mobile-disabled=\"false\" class=\"elementor-section elementor-top-section elementor-element elementor-element-47ee94e1 elementor-section-stretched elementor-section-content-top elementor-section-boxed elementor-section-height-default elementor-section-height-default\" data-id=\"47ee94e1\" data-element_type=\"section\" data-e-type=\"section\" data-settings=\"{&quot;stretch_section&quot;:&quot;section-stretched&quot;,&quot;_ha_eqh_enable&quot;:false}\">\n\t\t\t\t\t\t\t<div class=\"elementor-background-overlay\"><\/div>\n\t\t\t\t\t\t\t<div class=\"elementor-container elementor-column-gap-default\">\n\t\t\t\t\t<div class=\"elementor-column elementor-col-50 elementor-top-column elementor-element elementor-element-697bea25 elementor-hidden-phone\" data-id=\"697bea25\" data-element_type=\"column\" data-e-type=\"column\" data-settings=\"{&quot;background_background&quot;:&quot;classic&quot;}\">\n\t\t\t<div class=\"elementor-widget-wrap elementor-element-populated\">\n\t\t\t\t\t\t<div class=\"elementor-element elementor-element-5d7fcd9b elementor-align-right elementor-tablet-align-right elementor-mobile-align-center elementor-invisible elementor-widget elementor-widget-button\" data-id=\"5d7fcd9b\" data-element_type=\"widget\" data-e-type=\"widget\" data-settings=\"{&quot;_animation&quot;:&quot;fadeIn&quot;,&quot;_animation_delay&quot;:500}\" data-widget_type=\"button.default\">\n\t\t\t\t<div class=\"elementor-widget-container\">\n\t\t\t\t\t\t\t\t\t<div class=\"elementor-button-wrapper\">\n\t\t\t\t\t<a class=\"elementor-button elementor-size-sm\" role=\"button\">\n\t\t\t\t\t\t<span class=\"elementor-button-content-wrapper\">\n\t\t\t\t\t\t\t\t\t<span class=\"elementor-button-text\">Conditions<\/span>\n\t\t\t\t\t<\/span>\n\t\t\t\t\t<\/a>\n\t\t\t\t<\/div>\n\t\t\t\t\t\t\t\t<\/div>\n\t\t\t\t<\/div>\n\t\t\t\t\t<\/div>\n\t\t<\/div>\n\t\t\t\t<div class=\"elementor-column elementor-col-50 elementor-top-column elementor-element elementor-element-5d762a7e\" data-id=\"5d762a7e\" data-element_type=\"column\" data-e-type=\"column\" data-settings=\"{&quot;background_background&quot;:&quot;classic&quot;}\">\n\t\t\t<div class=\"elementor-widget-wrap elementor-element-populated\">\n\t\t\t\t\t\t<div class=\"elementor-element elementor-element-6c21eca elementor-invisible elementor-widget elementor-widget-heading\" data-id=\"6c21eca\" data-element_type=\"widget\" data-e-type=\"widget\" data-settings=\"{&quot;_animation&quot;:&quot;fadeIn&quot;,&quot;_animation_delay&quot;:400}\" data-widget_type=\"heading.default\">\n\t\t\t\t<div class=\"elementor-widget-container\">\n\t\t\t\t\t<span class=\"elementor-heading-title elementor-size-default\"><h2>Politique en mati\u00e8re de cookies d'Arctic Wolf (ci-apr\u00e8s, la \u00ab Politique en mati\u00e8re de cookies \u00bb)\n<\/h2><\/span>\t\t\t\t<\/div>\n\t\t\t\t<\/div>\n\t\t\t\t<div class=\"elementor-element elementor-element-37ebed90 elementor-invisible elementor-widget elementor-widget-heading\" data-id=\"37ebed90\" data-element_type=\"widget\" data-e-type=\"widget\" data-settings=\"{&quot;_animation&quot;:&quot;fadeIn&quot;,&quot;_animation_delay&quot;:400}\" data-widget_type=\"heading.default\">\n\t\t\t\t<div class=\"elementor-widget-container\">\n\t\t\t\t\t<span class=\"elementor-heading-title elementor-size-default\"><h5><span style=\"font-weight: 600\">Date de la derni\u00e8re mise \u00e0 jour :<\/span><br>juillet 2024\n<\/h5><\/span>\t\t\t\t<\/div>\n\t\t\t\t<\/div>\n\t\t\t\t\t<\/div>\n\t\t<\/div>\n\t\t\t\t\t<\/div>\n\t\t<\/section>\n\t\t\t\t<section data-particle_enable=\"false\" data-particle-mobile-disabled=\"false\" class=\"elementor-section elementor-top-section elementor-element elementor-element-1a1577b4 terms elementor-section-boxed elementor-section-height-default elementor-section-height-default\" data-id=\"1a1577b4\" data-element_type=\"section\" data-e-type=\"section\" data-settings=\"{&quot;_ha_eqh_enable&quot;:false}\">\n\t\t\t\t\t\t<div class=\"elementor-container elementor-column-gap-default\">\n\t\t\t\t\t<div class=\"elementor-column elementor-col-100 elementor-top-column elementor-element elementor-element-10cc8bf3\" data-id=\"10cc8bf3\" data-element_type=\"column\" data-e-type=\"column\">\n\t\t\t<div class=\"elementor-widget-wrap elementor-element-populated\">\n\t\t\t\t\t\t<div class=\"elementor-element elementor-element-b817ae1 elementor-widget elementor-widget-html\" data-id=\"b817ae1\" data-element_type=\"widget\" data-e-type=\"widget\" data-widget_type=\"html.default\">\n\t\t\t\t<div class=\"elementor-widget-container\">\n\t\t\t\t\t<style>\nb {\n    font-weight: bold;\n}\n\nem {\n    font-style: italic;\n}\n\nu {\n    text-decoration: underline;\n}\n\n.terms p {\n    padding-top: 10px;\n    padding-bottom: 10px;\n}\n\n.terms h4 {\n    padding-bottom: 10px;\n    padding-top: 14px;\n}\n\n.terms li {\n    list-style-type: disc;\n    margin-left: 52px;\n    padding-bottom: 10px;\n}\n<\/style>\t\t\t\t<\/div>\n\t\t\t\t<\/div>\n\t\t\t\t<div class=\"elementor-element elementor-element-7c7aed1 terms elementor-widget elementor-widget-html\" data-id=\"7c7aed1\" data-element_type=\"widget\" data-e-type=\"widget\" data-widget_type=\"html.default\">\n\t\t\t\t<div class=\"elementor-widget-container\">\n\t\t\t\t\t<h4>Objet<\/h4>\nCette politique en mati\u00e8re de cookies fournit des informations d\u00e9taill\u00e9es sur comment et quand Arctic Wolf Networks, Inc. et ses soci\u00e9t\u00e9s affili\u00e9es (\u00ab Arctic Wolf \u00bb) utilisent des cookies et les choix des individus concernant cette utilisation.<br \/><br \/>\n<h4>AWN utilise-t-il des cookies ?<\/h4>\nOui. Les sites Web d'Arctic Wolf utilisent des cookies pour s'assurer que nos clients re\u00e7oivent toutes les fonctionnalit\u00e9s et fonctions de nos services.<br \/><br \/>\n<h4>Qu'est-ce qu'un cookie ?<\/h4>\nUn cookie est un \u00e9l\u00e9ment de donn\u00e9es contenant un identifiant (une cha\u00eene de lettres et de chiffres) qui est envoy\u00e9 par un serveur Web au navigateur Web d'un utilisateur et est stock\u00e9 par le navigateur de l'utilisateur. L'identificateur est ensuite renvoy\u00e9 au serveur chaque fois que le navigateur de l'utilisateur demande une page au serveur. Les cookies ne contiennent g\u00e9n\u00e9ralement aucune information qui identifie personnellement un utilisateur, mais ils peuvent contenir des \u00e9l\u00e9ments d'information qu'un utilisateur a pr\u00e9c\u00e9demment entr\u00e9s dans les champs de formulaire. Les cookies peuvent \u00eatre utilis\u00e9s par les serveurs Web pour identifier et suivre les utilisateurs lorsqu'ils naviguent dans les fonctionnalit\u00e9s \/ fonctions d'un site Web, ainsi que pour identifier les utilisateurs qui reviennent sur un site Web.<br \/><br \/>\n<h4>Diff\u00e9rents types de cookies<\/h4>\nLes cookies de session n'existent que lorsque vous naviguez sur le site Web et expirent lorsque le navigateur est ferm\u00e9. Les cookies persistants n'expirent pas apr\u00e8s la fermeture du navigateur, mais expirent \u00e0 un moment ou \u00e0 une date fixes, ou si vous les supprimez manuellement de votre navigateur.<br \/><br \/>\n<h4>Cookies utilis\u00e9s par Arctic Wolf<\/h4>\nLes t\u00e9moins sont d\u00e9finis par des tiers autoris\u00e9s du ou des sites Web d'Arctic Wolf au nom d'Arctic Wolf. En r\u00e8gle g\u00e9n\u00e9rale, ces t\u00e9moins sont utilis\u00e9s pour am\u00e9liorer l'utilisation d'applications tierces qui am\u00e9liorent le rendement du service et pour en apprendre davantage sur les visiteurs des sites Web de Loups Arctiques.<br \/><br \/>\n<h4>Cookies essentiels<\/h4>\nComme de nombreux sites, nous utilisons des cookies essentiels pour nous aider \u00e0 collecter des informations relatives aux donn\u00e9es d'utilisation et \u00e0 am\u00e9liorer notre site Web. Arctic Wolf utilise des t\u00e9moins essentiels pour g\u00e9rer les principales caract\u00e9ristiques et fonctions de son(ses) site(s) Web. Cela nous permet de :<br \/><br \/>\n<ul>\n    <li>Administrer le site<\/li>\n    <li>M\u00e9moriser les informations ins\u00e9r\u00e9es dans les formulaires<\/li>\n    <li>M\u00e9moriser vos param\u00e8tres<\/li>\n    <li>R\u00e9pondre \u00e0 une demande que vous avez soumise<\/li>\n    <li>Mesurer le rendement du site Web<\/li>\n<\/ul><br \/>\nCes cookies essentiels sont n\u00e9cessaires pour faire fonctionner nos sites Web. Il n'y a pas d'option de d\u00e9sinscription ou d'opt-in pour ces cookies.<br \/><br \/>\n<h4>Cookies tiers<\/h4>\nNos sites Web utilisent des cookies d'application tiers pour analyser l'utilisation du site Web applicable et la conversion de la publicit\u00e9.<br \/><br \/>\n<ul>\n    <li>Google Analytics - Google utilise des cookies pour collecter et traiter des donn\u00e9es sur la fa\u00e7on dont les utilisateurs utilisent les sites Web, et pour suivre des donn\u00e9es comme celle-ci sur une base anonyme.<\/li>\n    <li>Google Adwords - Google utilise des cookies li\u00e9s \u00e0 des publicit\u00e9s sur Google pour suivre l'acc\u00e8s \u00e0 notre site Web, \u00e0 d'autres sites Web et \u00e0 d'autres donn\u00e9es.<\/li>\n<\/ul><br \/>\n<h4>Quels sont vos choix concernant les cookies ?<\/h4>\nVous pouvez d\u00e9sactiver ou supprimer les cookies ou accepter, dans certaines juridictions, l'utilisation de cookies (autres que les cookies essentiels). Si c'est le cas, consultez les informations fournies via les liens ci-dessous. Veuillez noter que le refus ou le non-d\u00e9sinscription aux cookies peut affecter la fa\u00e7on dont vous utilisez et interagissez avec le(s) site(s) Web. Notez \u00e9galement que si vous d\u00e9sactivez compl\u00e8tement les cookies, vous ne profiterez pas de toutes les fonctionnalit\u00e9s et fonctions du site Web. Des informations sur la gestion des cookies pour des navigateurs sp\u00e9cifiques peuvent \u00eatre trouv\u00e9es \u00e0 l'aide des liens suivants :<br \/><br \/>\n<ul>\n    <li><u><a href=\"https:\/\/support.google.com\/chrome\/answer\/95647?hl=en-GB\">Google Chrome<\/a><\/u><\/li>\n    <li><u><a href=\"https:\/\/support.mozilla.org\/en-US\/kb\/delete-browsing-search-download-history-firefox?redirectlocale=en-US&amp;redirectslug=Clear+Recent+History\">Mozilla Firefox<\/a><\/u><\/li>\n    <li><u><a href=\"https:\/\/support.microsoft.com\/en-us\/help\/278835\/how-to-delete-cookie-files-in-internet-explorer\">Microsoft Internet Explorer<\/a><\/u><\/li>\n    <li><u><a href=\"https:\/\/support.apple.com\/kb\/PH5042?locale=en_US\">Apple Safari<\/a><\/u><\/li>\n<\/ul>\n<h4>Plus d'informations sur les cookies<\/h4>\nSi vous souhaitez en savoir plus au sujet des cookies, comment g\u00e9rer vos cookies, ou comment les d\u00e9sactiver ou supprimer, veuillez consulter <a href=\"http:\/\/www.allaboutcookies.org\">http:\/\/www.allaboutcookies.org<\/a> pour plus d&#8217;informations. En outre, certains r\u00e9seaux de publicit\u00e9 tiers, comme ceux de Google, permettent aux utilisateurs de refuser les cookies ou de personnaliser les pr\u00e9f\u00e9rences associ\u00e9es \u00e0 votre navigation sur le web. Clique <a href=\"https:\/\/www.google.com\/settings\/u\/0\/ads\/authenticated?hl=en\">ici<\/a> pour en savoir plus.\n\nVous pouvez, aussi, refuser les cookies de ciblage tiers sur le <a href=\"http:\/\/www.aboutads.info\/choices\/\">site web<\/a> concernant les choix du consommateur de la Digital Advertising Alliance (Alliance de la publicit\u00e9 num\u00e9rique), le <a href=\"http:\/\/www.networkadvertising.org\/choices\/\">site web<\/a> concernant les choix du consommateur de la Network Advertising Initiative (Initiative de publicit\u00e9 en r\u00e9seau), ou le <a href=\"http:\/\/www.youronlinechoices.eu\/\">site web<\/a> concernant les choix du consommateur de la European Interactive Digital Advertising Alliance (Alliance de la publicit\u00e9 num\u00e9rique Interactive europ\u00e9enne).<br \/><br \/>\n\n<h4>Modifications apport\u00e9es \u00e0 cette politique en mati\u00e8re de cookies<\/h4>\nNous nous r\u00e9servons le droit de modifier cette politique de cookies \u00e0 tout moment. Les mises \u00e0 jour de la Politique en mati\u00e8re de cookies seront publi\u00e9es sur www.arcticwolf.com  avec une indication lorsqu'elle aura \u00e9t\u00e9 mise \u00e0 jour. Nous vous encourageons \u00e0 consulter p\u00e9riodiquement cette politique en mati\u00e8re de cookies pour tout changement.<br \/><br \/>\n<h4>Renseignements suppl\u00e9mentaires<\/h4>\nLes questions concernant cette politique en mati\u00e8re de cookies peuvent \u00eatre adress\u00e9es \u00e0 Arctic Wolf en soumettant une demande \u00e0 <a href = \"https:\/\/privacyportal.onetrust.com\/webform\/1a8208da-88f2-4102-bad8-e9cf7a89fe0a\/9abd89e8-64ac-4098-b921-5d00dcdf4701\">la protection des donn\u00e9es<\/a> ou par courrier ordinaire adress\u00e9e \u00e0 : <br \/><br \/>\n\nArctic Wolf Networks, Inc. (en), Attn : Legal Department, 8939 Columbine Road, Suite 150, Eden Prairie, MN 55347, <a href = \"mailto:legal@arcticwolf.com\">legal@arcticwolf.com<\/a> ou en appelant +1 (888) 272-8429.\n\t\t\t\t<\/div>\n\t\t\t\t<\/div>\n\t\t\t\t<div class=\"elementor-element elementor-element-63f8762 elementor-widget elementor-widget-html\" data-id=\"63f8762\" data-element_type=\"widget\" data-e-type=\"widget\" data-widget_type=\"html.default\">\n\t\t\t\t<div class=\"elementor-widget-container\">\n\t\t\t\t\t<!-- OneTrust Cookies List start -->\n<div id=\"ot-sdk-cookie-policy\"><\/div>\n<!-- OneTrust Cookies List end -->\t\t\t\t<\/div>\n\t\t\t\t<\/div>\n\t\t\t\t\t<\/div>\n\t\t<\/div>\n\t\t\t\t\t<\/div>\n\t\t<\/section>\n\t\t\t\t<\/div>\n\t\t","protected":false},"excerpt":{"rendered":"<p>Conditions Politique en mati\u00e8re de cookies d&rsquo;Arctic Wolf (ci-apr\u00e8s, la \u00ab Politique en mati\u00e8re de cookies \u00bb) Date de la derni\u00e8re mise \u00e0 jour :juillet 2024 Objet Cette politique en mati\u00e8re de cookies fournit des informations d\u00e9taill\u00e9es sur comment et quand Arctic Wolf Networks, Inc. et ses soci\u00e9t\u00e9s affili\u00e9es (\u00ab Arctic Wolf \u00bb) utilisent des <a href=\"https:\/\/arcticwolf.com\/fr\/cookie-policy\/\" class=\"more-link\">&#8230;<span class=\"screen-reader-text\">  Politique li\u00e9e aux cookies<\/span><\/a><\/p>\n","protected":false},"author":64,"featured_media":30933,"parent":0,"menu_order":38,"comment_status":"closed","ping_status":"closed","template":"","meta":{"footnotes":""},"class_list":["post-31807","page","type-page","status-publish","has-post-thumbnail","hentry"],"yoast_head":"<!-- This site is optimized with the Yoast SEO plugin v27.3 - https:\/\/yoast.com\/product\/yoast-seo-wordpress\/ -->\n<title>Politique li\u00e9e aux cookies - Arctic Wolf<\/title>\n<meta name=\"robots\" content=\"index, follow, max-snippet:-1, max-image-preview:large, max-video-preview:-1\" \/>\n<link rel=\"canonical\" href=\"https:\/\/arcticwolf.com\/fr\/cookie-policy\/\" \/>\n<meta property=\"og:locale\" content=\"fr_FR\" \/>\n<meta property=\"og:type\" content=\"article\" \/>\n<meta property=\"og:title\" content=\"Politique li\u00e9e aux cookies - Arctic Wolf\" \/>\n<meta property=\"og:description\" content=\"Conditions Politique en mati\u00e8re de cookies d&rsquo;Arctic Wolf (ci-apr\u00e8s, la \u00ab Politique en mati\u00e8re de cookies \u00bb) Date de la derni\u00e8re mise \u00e0 jour :juillet 2024 Objet Cette politique en mati\u00e8re de cookies fournit des informations d\u00e9taill\u00e9es sur comment et quand Arctic Wolf Networks, Inc. et ses soci\u00e9t\u00e9s affili\u00e9es (\u00ab Arctic Wolf \u00bb) utilisent des ... Politique li\u00e9e aux cookies\" \/>\n<meta property=\"og:url\" content=\"https:\/\/arcticwolf.com\/fr\/cookie-policy\/\" \/>\n<meta property=\"og:site_name\" content=\"Arctic Wolf\" \/>\n<meta property=\"article:publisher\" content=\"https:\/\/www.facebook.com\/ArcticWolfNetworks\" \/>\n<meta property=\"article:modified_time\" content=\"2024-07-15T18:04:44+00:00\" \/>\n<meta property=\"og:image\" content=\"https:\/\/arcticwolf.com\/wp-content\/uploads\/2024\/12\/aw-og-generic.png\" \/>\n\t<meta property=\"og:image:width\" content=\"2560\" \/>\n\t<meta property=\"og:image:height\" content=\"1440\" \/>\n\t<meta property=\"og:image:type\" content=\"image\/jpeg\" \/>\n<meta name=\"twitter:card\" content=\"summary_large_image\" \/>\n<meta name=\"twitter:site\" content=\"@AWNetworks\" \/>\n<script type=\"application\/ld+json\" class=\"yoast-schema-graph\">{\"@context\":\"https:\\\/\\\/schema.org\",\"@graph\":[{\"@type\":\"WebPage\",\"@id\":\"https:\\\/\\\/arcticwolf.com\\\/fr\\\/cookie-policy\\\/\",\"url\":\"https:\\\/\\\/arcticwolf.com\\\/fr\\\/cookie-policy\\\/\",\"name\":\"Politique li\u00e9e aux cookies - Arctic Wolf\",\"isPartOf\":{\"@id\":\"https:\\\/\\\/arcticwolf.com\\\/fr\\\/#website\"},\"primaryImageOfPage\":{\"@id\":\"https:\\\/\\\/arcticwolf.com\\\/fr\\\/cookie-policy\\\/#primaryimage\"},\"image\":{\"@id\":\"https:\\\/\\\/arcticwolf.com\\\/fr\\\/cookie-policy\\\/#primaryimage\"},\"thumbnailUrl\":\"https:\\\/\\\/arcticwolf.com\\\/wp-content\\\/uploads\\\/2024\\\/12\\\/aw-og-generic.png\",\"datePublished\":\"2018-06-14T23:12:41+00:00\",\"dateModified\":\"2024-07-15T18:04:44+00:00\",\"breadcrumb\":{\"@id\":\"https:\\\/\\\/arcticwolf.com\\\/fr\\\/cookie-policy\\\/#breadcrumb\"},\"inLanguage\":\"fr-FR\",\"potentialAction\":[{\"@type\":\"ReadAction\",\"target\":[\"https:\\\/\\\/arcticwolf.com\\\/fr\\\/cookie-policy\\\/\"]}]},{\"@type\":\"ImageObject\",\"inLanguage\":\"fr-FR\",\"@id\":\"https:\\\/\\\/arcticwolf.com\\\/fr\\\/cookie-policy\\\/#primaryimage\",\"url\":\"https:\\\/\\\/arcticwolf.com\\\/wp-content\\\/uploads\\\/2024\\\/12\\\/aw-og-generic.png\",\"contentUrl\":\"https:\\\/\\\/arcticwolf.com\\\/wp-content\\\/uploads\\\/2024\\\/12\\\/aw-og-generic.png\",\"width\":2560,\"height\":1440},{\"@type\":\"BreadcrumbList\",\"@id\":\"https:\\\/\\\/arcticwolf.com\\\/fr\\\/cookie-policy\\\/#breadcrumb\",\"itemListElement\":[{\"@type\":\"ListItem\",\"position\":1,\"name\":\"Home\",\"item\":\"https:\\\/\\\/arcticwolf.com\\\/fr\\\/\"},{\"@type\":\"ListItem\",\"position\":2,\"name\":\"Politique li\u00e9e aux cookies\"}]},{\"@type\":\"WebSite\",\"@id\":\"https:\\\/\\\/arcticwolf.com\\\/fr\\\/#website\",\"url\":\"https:\\\/\\\/arcticwolf.com\\\/fr\\\/\",\"name\":\"Arctic Wolf\",\"description\":\"The Leaders in Security Operations\",\"publisher\":{\"@id\":\"https:\\\/\\\/arcticwolf.com\\\/fr\\\/#organization\"},\"potentialAction\":[{\"@type\":\"SearchAction\",\"target\":{\"@type\":\"EntryPoint\",\"urlTemplate\":\"https:\\\/\\\/arcticwolf.com\\\/fr\\\/?s={search_term_string}\"},\"query-input\":{\"@type\":\"PropertyValueSpecification\",\"valueRequired\":true,\"valueName\":\"search_term_string\"}}],\"inLanguage\":\"fr-FR\"},{\"@type\":\"Organization\",\"@id\":\"https:\\\/\\\/arcticwolf.com\\\/fr\\\/#organization\",\"name\":\"Arctic Wolf Networks\",\"alternateName\":\"Arctic Wolf\",\"url\":\"https:\\\/\\\/arcticwolf.com\\\/fr\\\/\",\"logo\":{\"@type\":\"ImageObject\",\"inLanguage\":\"fr-FR\",\"@id\":\"https:\\\/\\\/arcticwolf.com\\\/fr\\\/#\\\/schema\\\/logo\\\/image\\\/\",\"url\":\"https:\\\/\\\/arcticwolf.com\\\/wp-content\\\/uploads\\\/2025\\\/01\\\/AW-Logo-Main-AuroraFY25.png\",\"contentUrl\":\"https:\\\/\\\/arcticwolf.com\\\/wp-content\\\/uploads\\\/2025\\\/01\\\/AW-Logo-Main-AuroraFY25.png\",\"width\":655,\"height\":232,\"caption\":\"Arctic Wolf Networks\"},\"image\":{\"@id\":\"https:\\\/\\\/arcticwolf.com\\\/fr\\\/#\\\/schema\\\/logo\\\/image\\\/\"},\"sameAs\":[\"https:\\\/\\\/www.facebook.com\\\/ArcticWolfNetworks\",\"https:\\\/\\\/x.com\\\/AWNetworks\",\"https:\\\/\\\/www.linkedin.com\\\/company\\\/arcticwolf\",\"https:\\\/\\\/www.youtube.com\\\/ArcticWolfNetworks\"]}]}<\/script>\n<!-- \/ Yoast SEO plugin. -->","yoast_head_json":{"title":"Politique li\u00e9e aux cookies - Arctic Wolf","robots":{"index":"index","follow":"follow","max-snippet":"max-snippet:-1","max-image-preview":"max-image-preview:large","max-video-preview":"max-video-preview:-1"},"canonical":"https:\/\/arcticwolf.com\/fr\/cookie-policy\/","og_locale":"fr_FR","og_type":"article","og_title":"Politique li\u00e9e aux cookies - Arctic Wolf","og_description":"Conditions Politique en mati\u00e8re de cookies d&rsquo;Arctic Wolf (ci-apr\u00e8s, la \u00ab Politique en mati\u00e8re de cookies \u00bb) Date de la derni\u00e8re mise \u00e0 jour :juillet 2024 Objet Cette politique en mati\u00e8re de cookies fournit des informations d\u00e9taill\u00e9es sur comment et quand Arctic Wolf Networks, Inc. et ses soci\u00e9t\u00e9s affili\u00e9es (\u00ab Arctic Wolf \u00bb) utilisent des ... Politique li\u00e9e aux cookies","og_url":"https:\/\/arcticwolf.com\/fr\/cookie-policy\/","og_site_name":"Arctic Wolf","article_publisher":"https:\/\/www.facebook.com\/ArcticWolfNetworks","article_modified_time":"2024-07-15T18:04:44+00:00","og_image":[{"width":2560,"height":1440,"url":"https:\/\/arcticwolf.com\/wp-content\/uploads\/2024\/12\/aw-og-generic.png","type":"image\/jpeg"}],"twitter_card":"summary_large_image","twitter_site":"@AWNetworks","schema":{"@context":"https:\/\/schema.org","@graph":[{"@type":"WebPage","@id":"https:\/\/arcticwolf.com\/fr\/cookie-policy\/","url":"https:\/\/arcticwolf.com\/fr\/cookie-policy\/","name":"Politique li\u00e9e aux cookies - Arctic Wolf","isPartOf":{"@id":"https:\/\/arcticwolf.com\/fr\/#website"},"primaryImageOfPage":{"@id":"https:\/\/arcticwolf.com\/fr\/cookie-policy\/#primaryimage"},"image":{"@id":"https:\/\/arcticwolf.com\/fr\/cookie-policy\/#primaryimage"},"thumbnailUrl":"https:\/\/arcticwolf.com\/wp-content\/uploads\/2024\/12\/aw-og-generic.png","datePublished":"2018-06-14T23:12:41+00:00","dateModified":"2024-07-15T18:04:44+00:00","breadcrumb":{"@id":"https:\/\/arcticwolf.com\/fr\/cookie-policy\/#breadcrumb"},"inLanguage":"fr-FR","potentialAction":[{"@type":"ReadAction","target":["https:\/\/arcticwolf.com\/fr\/cookie-policy\/"]}]},{"@type":"ImageObject","inLanguage":"fr-FR","@id":"https:\/\/arcticwolf.com\/fr\/cookie-policy\/#primaryimage","url":"https:\/\/arcticwolf.com\/wp-content\/uploads\/2024\/12\/aw-og-generic.png","contentUrl":"https:\/\/arcticwolf.com\/wp-content\/uploads\/2024\/12\/aw-og-generic.png","width":2560,"height":1440},{"@type":"BreadcrumbList","@id":"https:\/\/arcticwolf.com\/fr\/cookie-policy\/#breadcrumb","itemListElement":[{"@type":"ListItem","position":1,"name":"Home","item":"https:\/\/arcticwolf.com\/fr\/"},{"@type":"ListItem","position":2,"name":"Politique li\u00e9e aux cookies"}]},{"@type":"WebSite","@id":"https:\/\/arcticwolf.com\/fr\/#website","url":"https:\/\/arcticwolf.com\/fr\/","name":"Arctic Wolf","description":"The Leaders in Security Operations","publisher":{"@id":"https:\/\/arcticwolf.com\/fr\/#organization"},"potentialAction":[{"@type":"SearchAction","target":{"@type":"EntryPoint","urlTemplate":"https:\/\/arcticwolf.com\/fr\/?s={search_term_string}"},"query-input":{"@type":"PropertyValueSpecification","valueRequired":true,"valueName":"search_term_string"}}],"inLanguage":"fr-FR"},{"@type":"Organization","@id":"https:\/\/arcticwolf.com\/fr\/#organization","name":"Arctic Wolf Networks","alternateName":"Arctic Wolf","url":"https:\/\/arcticwolf.com\/fr\/","logo":{"@type":"ImageObject","inLanguage":"fr-FR","@id":"https:\/\/arcticwolf.com\/fr\/#\/schema\/logo\/image\/","url":"https:\/\/arcticwolf.com\/wp-content\/uploads\/2025\/01\/AW-Logo-Main-AuroraFY25.png","contentUrl":"https:\/\/arcticwolf.com\/wp-content\/uploads\/2025\/01\/AW-Logo-Main-AuroraFY25.png","width":655,"height":232,"caption":"Arctic Wolf Networks"},"image":{"@id":"https:\/\/arcticwolf.com\/fr\/#\/schema\/logo\/image\/"},"sameAs":["https:\/\/www.facebook.com\/ArcticWolfNetworks","https:\/\/x.com\/AWNetworks","https:\/\/www.linkedin.com\/company\/arcticwolf","https:\/\/www.youtube.com\/ArcticWolfNetworks"]}]}},"_links":{"self":[{"href":"https:\/\/arcticwolf.com\/fr\/wp-json\/wp\/v2\/pages\/31807","targetHints":{"allow":["GET"]}}],"collection":[{"href":"https:\/\/arcticwolf.com\/fr\/wp-json\/wp\/v2\/pages"}],"about":[{"href":"https:\/\/arcticwolf.com\/fr\/wp-json\/wp\/v2\/types\/page"}],"author":[{"embeddable":true,"href":"https:\/\/arcticwolf.com\/fr\/wp-json\/wp\/v2\/users\/64"}],"replies":[{"embeddable":true,"href":"https:\/\/arcticwolf.com\/fr\/wp-json\/wp\/v2\/comments?post=31807"}],"version-history":[{"count":0,"href":"https:\/\/arcticwolf.com\/fr\/wp-json\/wp\/v2\/pages\/31807\/revisions"}],"wp:featuredmedia":[{"embeddable":true,"href":"https:\/\/arcticwolf.com\/fr\/wp-json\/wp\/v2\/media\/30933"}],"wp:attachment":[{"href":"https:\/\/arcticwolf.com\/fr\/wp-json\/wp\/v2\/media?parent=31807"}],"curies":[{"name":"wp","href":"https:\/\/api.w.org\/{rel}","templated":true}]}}