  {"id":60158,"date":"2018-06-14T23:12:41","date_gmt":"2018-06-14T23:12:41","guid":{"rendered":"https:\/\/arcticwolf.com\/cookie-policy\/"},"modified":"2024-07-15T12:44:44","modified_gmt":"2024-07-15T17:44:44","slug":"cookie-policy","status":"publish","type":"page","link":"https:\/\/arcticwolf.com\/de\/cookie-policy\/","title":{"rendered":"Cookie-Richtlinie"},"content":{"rendered":"\t\t<div data-elementor-type=\"wp-page\" data-elementor-id=\"60158\" class=\"elementor elementor-60158 elementor-12528\" data-elementor-post-type=\"page\">\n\t\t\t\t\t\t<section data-particle_enable=\"false\" data-particle-mobile-disabled=\"false\" class=\"elementor-section elementor-top-section elementor-element elementor-element-47ee94e1 elementor-section-stretched elementor-section-content-top elementor-section-boxed elementor-section-height-default elementor-section-height-default\" data-id=\"47ee94e1\" data-element_type=\"section\" data-e-type=\"section\" data-settings=\"{&quot;stretch_section&quot;:&quot;section-stretched&quot;,&quot;_ha_eqh_enable&quot;:false}\">\n\t\t\t\t\t\t\t<div class=\"elementor-background-overlay\"><\/div>\n\t\t\t\t\t\t\t<div class=\"elementor-container elementor-column-gap-default\">\n\t\t\t\t\t<div class=\"elementor-column elementor-col-50 elementor-top-column elementor-element elementor-element-697bea25 elementor-hidden-phone\" data-id=\"697bea25\" data-element_type=\"column\" data-e-type=\"column\" data-settings=\"{&quot;background_background&quot;:&quot;classic&quot;}\">\n\t\t\t<div class=\"elementor-widget-wrap elementor-element-populated\">\n\t\t\t\t\t\t<div class=\"elementor-element elementor-element-5d7fcd9b elementor-align-right elementor-tablet-align-right elementor-mobile-align-center elementor-invisible elementor-widget elementor-widget-button\" data-id=\"5d7fcd9b\" data-element_type=\"widget\" data-e-type=\"widget\" data-settings=\"{&quot;_animation&quot;:&quot;fadeIn&quot;,&quot;_animation_delay&quot;:500}\" data-widget_type=\"button.default\">\n\t\t\t\t<div class=\"elementor-widget-container\">\n\t\t\t\t\t\t\t\t\t<div class=\"elementor-button-wrapper\">\n\t\t\t\t\t<a class=\"elementor-button elementor-size-sm\" role=\"button\">\n\t\t\t\t\t\t<span class=\"elementor-button-content-wrapper\">\n\t\t\t\t\t\t\t\t\t<span class=\"elementor-button-text\">Terms<\/span>\n\t\t\t\t\t<\/span>\n\t\t\t\t\t<\/a>\n\t\t\t\t<\/div>\n\t\t\t\t\t\t\t\t<\/div>\n\t\t\t\t<\/div>\n\t\t\t\t\t<\/div>\n\t\t<\/div>\n\t\t\t\t<div class=\"elementor-column elementor-col-50 elementor-top-column elementor-element elementor-element-5d762a7e\" data-id=\"5d762a7e\" data-element_type=\"column\" data-e-type=\"column\" data-settings=\"{&quot;background_background&quot;:&quot;classic&quot;}\">\n\t\t\t<div class=\"elementor-widget-wrap elementor-element-populated\">\n\t\t\t\t\t\t<div class=\"elementor-element elementor-element-6c21eca elementor-invisible elementor-widget elementor-widget-heading\" data-id=\"6c21eca\" data-element_type=\"widget\" data-e-type=\"widget\" data-settings=\"{&quot;_animation&quot;:&quot;fadeIn&quot;,&quot;_animation_delay&quot;:400}\" data-widget_type=\"heading.default\">\n\t\t\t\t<div class=\"elementor-widget-container\">\n\t\t\t\t\t<span class=\"elementor-heading-title elementor-size-default\"><h2>Cookie-Richtlinie von Arctic Wolf (die \u201cCookie-Richtlinie\u201c)\n<\/h2><\/span>\t\t\t\t<\/div>\n\t\t\t\t<\/div>\n\t\t\t\t<div class=\"elementor-element elementor-element-37ebed90 elementor-invisible elementor-widget elementor-widget-heading\" data-id=\"37ebed90\" data-element_type=\"widget\" data-e-type=\"widget\" data-settings=\"{&quot;_animation&quot;:&quot;fadeIn&quot;,&quot;_animation_delay&quot;:400}\" data-widget_type=\"heading.default\">\n\t\t\t\t<div class=\"elementor-widget-container\">\n\t\t\t\t\t<span class=\"elementor-heading-title elementor-size-default\"><h5>Datum der letzten Aktualisierung:<br>Juli 2024\n\n<\/h5><\/span>\t\t\t\t<\/div>\n\t\t\t\t<\/div>\n\t\t\t\t\t<\/div>\n\t\t<\/div>\n\t\t\t\t\t<\/div>\n\t\t<\/section>\n\t\t\t\t<section data-particle_enable=\"false\" data-particle-mobile-disabled=\"false\" class=\"elementor-section elementor-top-section elementor-element elementor-element-1a1577b4 terms elementor-section-boxed elementor-section-height-default elementor-section-height-default\" data-id=\"1a1577b4\" data-element_type=\"section\" data-e-type=\"section\" data-settings=\"{&quot;_ha_eqh_enable&quot;:false}\">\n\t\t\t\t\t\t<div class=\"elementor-container elementor-column-gap-default\">\n\t\t\t\t\t<div class=\"elementor-column elementor-col-100 elementor-top-column elementor-element elementor-element-10cc8bf3\" data-id=\"10cc8bf3\" data-element_type=\"column\" data-e-type=\"column\">\n\t\t\t<div class=\"elementor-widget-wrap elementor-element-populated\">\n\t\t\t\t\t\t<div class=\"elementor-element elementor-element-3d505d9 elementor-widget elementor-widget-global elementor-global-16563 elementor-widget-html\" data-id=\"3d505d9\" data-element_type=\"widget\" data-e-type=\"widget\" data-widget_type=\"html.default\">\n\t\t\t\t<div class=\"elementor-widget-container\">\n\t\t\t\t\t<style>\nb {font-weight: bold;}\nem {font-decoration: italic;}\nu {text-decoration: underline;}\n.entry-content p {margin-bottom: 13px;}\n.entry-content table {\n\tborder: 1px solid black;\n\tborder-collapse: collapse;\n\tborder-spacing: unset;\n}\n.entry-content th {\n\tfont-weight: bold;\n}\n.entry-content th, .entry-content td {\n\tborder: 1px solid black;\n\tpadding: 10px;\n}\n<\/style>\t\t\t\t<\/div>\n\t\t\t\t<\/div>\n\t\t\t\t<div class=\"elementor-element elementor-element-8c9b009 elementor-widget elementor-widget-html\" data-id=\"8c9b009\" data-element_type=\"widget\" data-e-type=\"widget\" data-widget_type=\"html.default\">\n\t\t\t\t<div class=\"elementor-widget-container\">\n\t\t\t\t\t<h4>Zweck<\/h4>\nDiese Cookie-Richtlinie enth\u00e4lt detaillierte Informationen dar\u00fcber, wie und wann Arctic Wolf Networks, Inc. und seine verbundenen Unternehmen (\"Arctic Wolf\") Cookies verwenden und welche Entscheidungen Einzelpersonen bez\u00fcglich dieser Verwendung haben.<br \/><br \/>\n<h4>Verwendet Arctic Wolf Cookies?<\/h4>\nJa. Die Website(s) von Arctic Wolf verwenden Cookies, um sicherzustellen, dass unsere Kunden alle Merkmale und Funktionen unserer Dienste erhalten.<br \/><br \/>\n<h4>Was ist ein Cookie?<\/h4>\nEin Cookie ist ein Datenelement, das eine Kennung (eine Zeichenfolge aus Buchstaben und Zahlen) enth\u00e4lt, die von einem Webserver an den Webbrowser eines Benutzers gesendet und vom Browser des Benutzers gespeichert wird. Die Kennung wird dann jedes Mal an den Server zur\u00fcckgesendet, wenn der Browser des Benutzers eine Seite vom Server anfordert. Cookies enthalten in der Regel keine Informationen, die einen Benutzer pers\u00f6nlich identifizieren, aber sie k\u00f6nnen Informationen enthalten, die ein Benutzer zuvor in Formularfelder eingegeben hat. Cookies k\u00f6nnen von Webservern verwendet werden, um Benutzer zu identifizieren und zu verfolgen, w\u00e4hrend sie durch Merkmale\/Funktionen auf einer Website navigieren, sowie um Benutzer zu identifizieren, die zu einer Website zur\u00fcckkehren.<br \/><br \/>\n<h4>Verschiedene Arten von Cookies<\/h4>\nSitzungscookies existieren nur, w\u00e4hrend Sie auf der Website navigieren, und verfallen, wenn der Browser geschlossen wird. Dauerhafte Cookies verfallen nicht nach dem Schlie\u00dfen des Browsers, sondern zu einem bestimmten Zeitpunkt oder Datum oder wenn Sie sie manuell aus Ihrem Browser l\u00f6schen.<br \/><br \/>\n<h4>Von Arctic Wolf verwendete Cookies<\/h4>\nCookies werden von autorisierten Dritten der Arctic Wolf-Website(s) im Auftrag von Arctic Wolf gesetzt. In der Regel werden diese Cookies verwendet, um die Nutzung von Anwendungen von Drittanbietern zu verbessern, die die Serviceleistung verbessern, und um mehr \u00fcber Besucher der Arctic Wolf-Website(s) zu erfahren.<br \/><br \/>\n<h4>Wesentliche Cookies<\/h4>\nWie viele Websites verwenden wir wichtige Cookies, um Informationen zu Nutzungsdaten zu sammeln und unsere Website zu verbessern. Arctic Wolf verwendet wesentliche Cookies, um wichtige Merkmale\/Funktionen seiner Website(s) zu verwalten. Damit k\u00f6nnen wir:<br \/><br \/>\n<ul>\n    <li>Verwalten der Website<\/li>\n    <li>In Formulare eingef\u00fcgte Informationen speichern<\/li>\n    <li>Merken Sie sich Ihre Einstellungen<\/li>\n    <li>Erf\u00fcllen Sie eine von Ihnen eingereichte Anfrage<\/li>\n    <li>Messen Sie die Website-Leistung<\/li>\n<\/ul><br \/>\nDiese wesentlichen Cookies sind f\u00fcr den Betrieb unserer Website(s) erforderlich. F\u00fcr diese Cookies gibt es keine Opt-Out- oder Opt-In-Option.<br \/><br \/>\n<h4>Cookies von Drittanbietern<\/h4>\nUnsere Website(s) verwenden Anwendungscookies von Drittanbietern, um die Nutzung der jeweiligen Website und die Werbekonvertierung zu analysieren.<br \/><br \/>\n<ul>\n    <li>Google Analytics \u2013 Google verwendet Cookies, um Daten dar\u00fcber zu sammeln und zu verarbeiten, wie Benutzer Websites nutzen, und um Daten wie diese auf anonymer Basis zu verfolgen.<\/li>\n    <li>Google Adwords \u2013 Google verwendet Cookies, die mit Anzeigen bei Google verkn\u00fcpft sind, um den Zugriff auf unsere Website, andere Websites und andere Daten zu verfolgen.<\/li>\n<\/ul><br \/>\n<h4>Welche M\u00f6glichkeiten haben Sie in Bezug auf Cookies?<\/h4>\nM\u00f6glicherweise m\u00f6chten Sie Cookies deaktivieren oder entfernen oder sich in bestimmten Gerichtsbarkeiten f\u00fcr die Verwendung von Cookies (mit Ausnahme wesentlicher Cookies) entscheiden. Wenn ja, lesen Sie die Informationen, die \u00fcber die unten stehenden Links bereitgestellt werden. Bitte beachten Sie, dass die Ablehnung oder Nichtaktivierung von Cookies die Art und Weise beeintr\u00e4chtigen kann, wie Sie die Website(s) nutzen und mit ihnen interagieren. Beachten Sie auch, dass Sie, wenn Sie Cookies vollst\u00e4ndig deaktivieren, nicht alle Merkmale und Funktionen der Website nutzen k\u00f6nnen. Informationen zur Cookie-Verwaltung f\u00fcr bestimmte Browser finden Sie unter den folgenden Links:<br \/><br \/>\n<ul>\n    <li><u><a href=\"https:\/\/support.google.com\/chrome\/answer\/95647?hl=en-GB\">Google Chrome<\/a><\/u><\/li>\n    <li><u><a href=\"https:\/\/support.mozilla.org\/en-US\/kb\/delete-browsing-search-download-history-firefox?redirectlocale=en-US&amp;redirectslug=Clear+Recent+History\">Mozilla Firefox<\/a><\/u><\/li>\n    <li><u><a href=\"https:\/\/support.microsoft.com\/en-us\/help\/278835\/how-to-delete-cookie-files-in-internet-explorer\">Microsoft Internet Explorer<\/a><\/u><\/li>\n    <li><u><a href=\"https:\/\/support.apple.com\/kb\/PH5042?locale=en_US\">Apple Safari<\/a><\/u><\/li>\n<\/ul><br \/>\n\n<h4>Weitere Informationen zu Cookies<\/h4>\nWenn Sie mehr \u00fcber Cookies erfahren m\u00f6chten oder wie Sie sie kontrollieren, deaktivieren oder l\u00f6schen k\u00f6nnen, besuchen Sie bitte <a href = \"http:\/\/www.allaboutcookies.org\/\">http:\/\/www.allaboutcookies.org<\/a> f\u00fcr detaillierte Anleitungen. Dar\u00fcber hinaus erm\u00f6glichen bestimmte Werbenetzwerke von Drittanbietern, einschlie\u00dflich Google, Benutzern, die mit Ihrem Surfen im Internet verbundenen Einstellungen abzulehnen oder anzupassen. Klicken Sie <a href = \"https:\/\/www.google.com\/settings\/u\/0\/ads\/authenticated?hl=en\">hier<\/a>, um mehr \u00fcber diese Funktion von Google zu erfahren<\/a>. Informationen zum Deaktivieren von Targeting-Cookies von Drittanbietern finden Sie auf der <a href = \"http:\/\/www.aboutads.info\/choices\/\">Verbraucherauswahlseite der Digital Advertising Alliance<\/a>, der <a href = \"http:\/\/www.networkadvertising.org\/choices\/\">Verbraucherauswahlseite der Network Advertising Initiative<\/a> oder der <a href = \"http:\/\/www.youronlinechoices.eu\/\">Verbraucherauswahlseite der European Interactive Digital Advertising Alliance<\/a>.<br \/><br \/>\n<h4>\u00c4nderungen an dieser Cookie-Richtlinie<\/h4>\nWir behalten uns das Recht vor, diese Cookie-Richtlinie jederzeit zu \u00e4ndern. Aktualisierungen der Cookie-Richtlinie werden auf www.arcticwolf.com  mit einem Hinweis ver\u00f6ffentlicht, wenn sie aktualisiert wurde. Wir empfehlen Ihnen, diese Cookie-Richtlinie regelm\u00e4\u00dfig auf \u00c4nderungen zu \u00fcberpr\u00fcfen.<br \/><br \/>\n<h4>Zusatzinformation<\/h4>\nFragen zu dieser Cookie-Richtlinie k\u00f6nnen an Arctic Wolf gerichtet werden, indem Sie eine Anfrage an den <a href = \"https:\/\/privacyportal.onetrust.com\/webform\/1a8208da-88f2-4102-bad8-e9cf7a89fe0a\/9abd89e8-64ac-4098-b921-5d00dcdf4701\">Datenschutz<\/a> oder per Post an folgende Adresse richten:<br \/><br \/>\n<b>Arctic Wolf Networks, Inc.<\/b>, z. Hd.: Rechtsabteilung, 8939 Columbine Road, Suite 150, Eden Prairie, MN 55347, <a href = \"mailto:legal@arcticwolf.com\">legal@arcticwolf.com<\/a> oder telefonisch unter +1 (888) 272-8429.\n\t\t\t\t<\/div>\n\t\t\t\t<\/div>\n\t\t\t\t<div class=\"elementor-element elementor-element-63f8762 elementor-widget elementor-widget-html\" data-id=\"63f8762\" data-element_type=\"widget\" data-e-type=\"widget\" data-widget_type=\"html.default\">\n\t\t\t\t<div class=\"elementor-widget-container\">\n\t\t\t\t\t<!-- OneTrust Cookies List start -->\r\n<div id=\"ot-sdk-cookie-policy\"><\/div>\r\n<!-- OneTrust Cookies List end -->\t\t\t\t<\/div>\n\t\t\t\t<\/div>\n\t\t\t\t\t<\/div>\n\t\t<\/div>\n\t\t\t\t\t<\/div>\n\t\t<\/section>\n\t\t\t\t<\/div>\n\t\t","protected":false},"excerpt":{"rendered":"<p>Terms Cookie-Richtlinie von Arctic Wolf (die \u201cCookie-Richtlinie\u201c) Datum der letzten Aktualisierung:Juli 2024 Zweck Diese Cookie-Richtlinie enth\u00e4lt detaillierte Informationen dar\u00fcber, wie und wann Arctic Wolf Networks, Inc. und seine verbundenen Unternehmen (&#8222;Arctic Wolf&#8220;) Cookies verwenden und welche Entscheidungen Einzelpersonen bez\u00fcglich dieser Verwendung haben. Verwendet Arctic Wolf Cookies? Ja. Die Website(s) von Arctic Wolf verwenden Cookies, um <a href=\"https:\/\/arcticwolf.com\/de\/cookie-policy\/\" class=\"more-link\">\u2026\u00a0<span class=\"screen-reader-text\">  Cookie-Richtlinie<\/span><\/a><\/p>\n","protected":false},"author":64,"featured_media":32227,"parent":0,"menu_order":38,"comment_status":"closed","ping_status":"closed","template":"","meta":{"footnotes":""},"class_list":["post-60158","page","type-page","status-publish","has-post-thumbnail","hentry"],"yoast_head":"<!-- This site is optimized with the Yoast SEO plugin v27.3 - https:\/\/yoast.com\/product\/yoast-seo-wordpress\/ -->\n<title>Cookie-Richtlinie - Arctic Wolf<\/title>\n<meta name=\"robots\" content=\"index, follow, max-snippet:-1, max-image-preview:large, max-video-preview:-1\" \/>\n<link rel=\"canonical\" href=\"https:\/\/arcticwolf.com\/de\/cookie-policy\/\" \/>\n<meta property=\"og:locale\" content=\"de_DE\" \/>\n<meta property=\"og:type\" content=\"article\" \/>\n<meta property=\"og:title\" content=\"Cookie-Richtlinie - Arctic Wolf\" \/>\n<meta property=\"og:description\" content=\"Terms Cookie-Richtlinie von Arctic Wolf (die \u201cCookie-Richtlinie\u201c) Datum der letzten Aktualisierung:Juli 2024 Zweck Diese Cookie-Richtlinie enth\u00e4lt detaillierte Informationen dar\u00fcber, wie und wann Arctic Wolf Networks, Inc. und seine verbundenen Unternehmen (&#8222;Arctic Wolf&#8220;) Cookies verwenden und welche Entscheidungen Einzelpersonen bez\u00fcglich dieser Verwendung haben. Verwendet Arctic Wolf Cookies? Ja. Die Website(s) von Arctic Wolf verwenden Cookies, um \u2026\u00a0 Cookie-Richtlinie\" \/>\n<meta property=\"og:url\" content=\"https:\/\/arcticwolf.com\/de\/cookie-policy\/\" \/>\n<meta property=\"og:site_name\" content=\"Arctic Wolf\" \/>\n<meta property=\"article:publisher\" content=\"https:\/\/www.facebook.com\/ArcticWolfNetworks\" \/>\n<meta property=\"article:modified_time\" content=\"2024-07-15T17:44:44+00:00\" \/>\n<meta property=\"og:image\" content=\"https:\/\/arcticwolf.com\/wp-content\/uploads\/2024\/12\/aw-og-generic.png\" \/>\n\t<meta property=\"og:image:width\" content=\"2560\" \/>\n\t<meta property=\"og:image:height\" content=\"1440\" \/>\n\t<meta property=\"og:image:type\" content=\"image\/jpeg\" \/>\n<meta name=\"twitter:card\" content=\"summary_large_image\" \/>\n<meta name=\"twitter:site\" content=\"@AWNetworks\" \/>\n<script type=\"application\/ld+json\" class=\"yoast-schema-graph\">{\"@context\":\"https:\\\/\\\/schema.org\",\"@graph\":[{\"@type\":\"WebPage\",\"@id\":\"https:\\\/\\\/arcticwolf.com\\\/de\\\/cookie-policy\\\/\",\"url\":\"https:\\\/\\\/arcticwolf.com\\\/de\\\/cookie-policy\\\/\",\"name\":\"Cookie-Richtlinie - Arctic Wolf\",\"isPartOf\":{\"@id\":\"https:\\\/\\\/arcticwolf.com\\\/de\\\/#website\"},\"primaryImageOfPage\":{\"@id\":\"https:\\\/\\\/arcticwolf.com\\\/de\\\/cookie-policy\\\/#primaryimage\"},\"image\":{\"@id\":\"https:\\\/\\\/arcticwolf.com\\\/de\\\/cookie-policy\\\/#primaryimage\"},\"thumbnailUrl\":\"https:\\\/\\\/arcticwolf.com\\\/wp-content\\\/uploads\\\/2024\\\/12\\\/aw-og-generic.png\",\"datePublished\":\"2018-06-14T23:12:41+00:00\",\"dateModified\":\"2024-07-15T17:44:44+00:00\",\"breadcrumb\":{\"@id\":\"https:\\\/\\\/arcticwolf.com\\\/de\\\/cookie-policy\\\/#breadcrumb\"},\"inLanguage\":\"de\",\"potentialAction\":[{\"@type\":\"ReadAction\",\"target\":[\"https:\\\/\\\/arcticwolf.com\\\/de\\\/cookie-policy\\\/\"]}]},{\"@type\":\"ImageObject\",\"inLanguage\":\"de\",\"@id\":\"https:\\\/\\\/arcticwolf.com\\\/de\\\/cookie-policy\\\/#primaryimage\",\"url\":\"https:\\\/\\\/arcticwolf.com\\\/wp-content\\\/uploads\\\/2024\\\/12\\\/aw-og-generic.png\",\"contentUrl\":\"https:\\\/\\\/arcticwolf.com\\\/wp-content\\\/uploads\\\/2024\\\/12\\\/aw-og-generic.png\",\"width\":2560,\"height\":1440},{\"@type\":\"BreadcrumbList\",\"@id\":\"https:\\\/\\\/arcticwolf.com\\\/de\\\/cookie-policy\\\/#breadcrumb\",\"itemListElement\":[{\"@type\":\"ListItem\",\"position\":1,\"name\":\"Home\",\"item\":\"https:\\\/\\\/arcticwolf.com\\\/de\\\/\"},{\"@type\":\"ListItem\",\"position\":2,\"name\":\"Cookie-Richtlinie\"}]},{\"@type\":\"WebSite\",\"@id\":\"https:\\\/\\\/arcticwolf.com\\\/de\\\/#website\",\"url\":\"https:\\\/\\\/arcticwolf.com\\\/de\\\/\",\"name\":\"Arctic Wolf\",\"description\":\"The Leaders in Security Operations\",\"publisher\":{\"@id\":\"https:\\\/\\\/arcticwolf.com\\\/de\\\/#organization\"},\"potentialAction\":[{\"@type\":\"SearchAction\",\"target\":{\"@type\":\"EntryPoint\",\"urlTemplate\":\"https:\\\/\\\/arcticwolf.com\\\/de\\\/?s={search_term_string}\"},\"query-input\":{\"@type\":\"PropertyValueSpecification\",\"valueRequired\":true,\"valueName\":\"search_term_string\"}}],\"inLanguage\":\"de\"},{\"@type\":\"Organization\",\"@id\":\"https:\\\/\\\/arcticwolf.com\\\/de\\\/#organization\",\"name\":\"Arctic Wolf Networks\",\"alternateName\":\"Arctic Wolf\",\"url\":\"https:\\\/\\\/arcticwolf.com\\\/de\\\/\",\"logo\":{\"@type\":\"ImageObject\",\"inLanguage\":\"de\",\"@id\":\"https:\\\/\\\/arcticwolf.com\\\/de\\\/#\\\/schema\\\/logo\\\/image\\\/\",\"url\":\"https:\\\/\\\/arcticwolf.com\\\/wp-content\\\/uploads\\\/2025\\\/01\\\/AW-Logo-Main-AuroraFY25.png\",\"contentUrl\":\"https:\\\/\\\/arcticwolf.com\\\/wp-content\\\/uploads\\\/2025\\\/01\\\/AW-Logo-Main-AuroraFY25.png\",\"width\":655,\"height\":232,\"caption\":\"Arctic Wolf Networks\"},\"image\":{\"@id\":\"https:\\\/\\\/arcticwolf.com\\\/de\\\/#\\\/schema\\\/logo\\\/image\\\/\"},\"sameAs\":[\"https:\\\/\\\/www.facebook.com\\\/ArcticWolfNetworks\",\"https:\\\/\\\/x.com\\\/AWNetworks\",\"https:\\\/\\\/www.linkedin.com\\\/company\\\/arcticwolf\",\"https:\\\/\\\/www.youtube.com\\\/ArcticWolfNetworks\"]}]}<\/script>\n<!-- \/ Yoast SEO plugin. -->","yoast_head_json":{"title":"Cookie-Richtlinie - Arctic Wolf","robots":{"index":"index","follow":"follow","max-snippet":"max-snippet:-1","max-image-preview":"max-image-preview:large","max-video-preview":"max-video-preview:-1"},"canonical":"https:\/\/arcticwolf.com\/de\/cookie-policy\/","og_locale":"de_DE","og_type":"article","og_title":"Cookie-Richtlinie - Arctic Wolf","og_description":"Terms Cookie-Richtlinie von Arctic Wolf (die \u201cCookie-Richtlinie\u201c) Datum der letzten Aktualisierung:Juli 2024 Zweck Diese Cookie-Richtlinie enth\u00e4lt detaillierte Informationen dar\u00fcber, wie und wann Arctic Wolf Networks, Inc. und seine verbundenen Unternehmen (&#8222;Arctic Wolf&#8220;) Cookies verwenden und welche Entscheidungen Einzelpersonen bez\u00fcglich dieser Verwendung haben. Verwendet Arctic Wolf Cookies? Ja. Die Website(s) von Arctic Wolf verwenden Cookies, um \u2026\u00a0 Cookie-Richtlinie","og_url":"https:\/\/arcticwolf.com\/de\/cookie-policy\/","og_site_name":"Arctic Wolf","article_publisher":"https:\/\/www.facebook.com\/ArcticWolfNetworks","article_modified_time":"2024-07-15T17:44:44+00:00","og_image":[{"width":2560,"height":1440,"url":"https:\/\/arcticwolf.com\/wp-content\/uploads\/2024\/12\/aw-og-generic.png","type":"image\/jpeg"}],"twitter_card":"summary_large_image","twitter_site":"@AWNetworks","schema":{"@context":"https:\/\/schema.org","@graph":[{"@type":"WebPage","@id":"https:\/\/arcticwolf.com\/de\/cookie-policy\/","url":"https:\/\/arcticwolf.com\/de\/cookie-policy\/","name":"Cookie-Richtlinie - Arctic Wolf","isPartOf":{"@id":"https:\/\/arcticwolf.com\/de\/#website"},"primaryImageOfPage":{"@id":"https:\/\/arcticwolf.com\/de\/cookie-policy\/#primaryimage"},"image":{"@id":"https:\/\/arcticwolf.com\/de\/cookie-policy\/#primaryimage"},"thumbnailUrl":"https:\/\/arcticwolf.com\/wp-content\/uploads\/2024\/12\/aw-og-generic.png","datePublished":"2018-06-14T23:12:41+00:00","dateModified":"2024-07-15T17:44:44+00:00","breadcrumb":{"@id":"https:\/\/arcticwolf.com\/de\/cookie-policy\/#breadcrumb"},"inLanguage":"de","potentialAction":[{"@type":"ReadAction","target":["https:\/\/arcticwolf.com\/de\/cookie-policy\/"]}]},{"@type":"ImageObject","inLanguage":"de","@id":"https:\/\/arcticwolf.com\/de\/cookie-policy\/#primaryimage","url":"https:\/\/arcticwolf.com\/wp-content\/uploads\/2024\/12\/aw-og-generic.png","contentUrl":"https:\/\/arcticwolf.com\/wp-content\/uploads\/2024\/12\/aw-og-generic.png","width":2560,"height":1440},{"@type":"BreadcrumbList","@id":"https:\/\/arcticwolf.com\/de\/cookie-policy\/#breadcrumb","itemListElement":[{"@type":"ListItem","position":1,"name":"Home","item":"https:\/\/arcticwolf.com\/de\/"},{"@type":"ListItem","position":2,"name":"Cookie-Richtlinie"}]},{"@type":"WebSite","@id":"https:\/\/arcticwolf.com\/de\/#website","url":"https:\/\/arcticwolf.com\/de\/","name":"Arctic Wolf","description":"The Leaders in Security Operations","publisher":{"@id":"https:\/\/arcticwolf.com\/de\/#organization"},"potentialAction":[{"@type":"SearchAction","target":{"@type":"EntryPoint","urlTemplate":"https:\/\/arcticwolf.com\/de\/?s={search_term_string}"},"query-input":{"@type":"PropertyValueSpecification","valueRequired":true,"valueName":"search_term_string"}}],"inLanguage":"de"},{"@type":"Organization","@id":"https:\/\/arcticwolf.com\/de\/#organization","name":"Arctic Wolf Networks","alternateName":"Arctic Wolf","url":"https:\/\/arcticwolf.com\/de\/","logo":{"@type":"ImageObject","inLanguage":"de","@id":"https:\/\/arcticwolf.com\/de\/#\/schema\/logo\/image\/","url":"https:\/\/arcticwolf.com\/wp-content\/uploads\/2025\/01\/AW-Logo-Main-AuroraFY25.png","contentUrl":"https:\/\/arcticwolf.com\/wp-content\/uploads\/2025\/01\/AW-Logo-Main-AuroraFY25.png","width":655,"height":232,"caption":"Arctic Wolf Networks"},"image":{"@id":"https:\/\/arcticwolf.com\/de\/#\/schema\/logo\/image\/"},"sameAs":["https:\/\/www.facebook.com\/ArcticWolfNetworks","https:\/\/x.com\/AWNetworks","https:\/\/www.linkedin.com\/company\/arcticwolf","https:\/\/www.youtube.com\/ArcticWolfNetworks"]}]}},"_links":{"self":[{"href":"https:\/\/arcticwolf.com\/de\/wp-json\/wp\/v2\/pages\/60158","targetHints":{"allow":["GET"]}}],"collection":[{"href":"https:\/\/arcticwolf.com\/de\/wp-json\/wp\/v2\/pages"}],"about":[{"href":"https:\/\/arcticwolf.com\/de\/wp-json\/wp\/v2\/types\/page"}],"author":[{"embeddable":true,"href":"https:\/\/arcticwolf.com\/de\/wp-json\/wp\/v2\/users\/64"}],"replies":[{"embeddable":true,"href":"https:\/\/arcticwolf.com\/de\/wp-json\/wp\/v2\/comments?post=60158"}],"version-history":[{"count":0,"href":"https:\/\/arcticwolf.com\/de\/wp-json\/wp\/v2\/pages\/60158\/revisions"}],"wp:featuredmedia":[{"embeddable":true,"href":"https:\/\/arcticwolf.com\/de\/wp-json\/wp\/v2\/media\/32227"}],"wp:attachment":[{"href":"https:\/\/arcticwolf.com\/de\/wp-json\/wp\/v2\/media?parent=60158"}],"curies":[{"name":"wp","href":"https:\/\/api.w.org\/{rel}","templated":true}]}}